{"id":46,"date":"2016-02-15T23:04:07","date_gmt":"2016-02-15T23:04:07","guid":{"rendered":"http:\/\/elmarschweer.de\/?page_id=46"},"modified":"2016-02-15T23:04:07","modified_gmt":"2016-02-15T23:04:07","slug":"impressum","status":"publish","type":"page","link":"http:\/\/elmarschweer.de\/?page_id=46","title":{"rendered":"Impressum"},"content":{"rendered":"<h4 style=\"text-align: center;\">Elmar Schweer<br \/>\nBruktererweg 2\/4<br \/>\n59067 Hamm<br \/>\n(+49) &#8211; 02381 &#8211; 440493<\/h4>\n<h4 style=\"text-align: center;\"><a href=\"http:\/\/www.elmarschweer.de\">www.ElmarSchweer.de<\/a><br \/>\n<a href=\"mailto:photographie@elmarschweer.de\">Email<\/a><\/h4>\n<h4 style=\"text-align: center;\">Verantwortlich im Sinne des Telemediengesetzes (TMG \u00a75):<br \/>\nElmar Schweer<\/h4>\n<h4 style=\"text-align: center;\">F\u00fcr Fehler wird grunds\u00e4tzlich<br \/>\nkeine Haftung \u00fcbernommen.<br \/>\nDie Inhalte verlinkter Seiten unterliegen<br \/>\nausschliesslich der Verantwortung deren Betreiber.<br \/>\nS\u00e4mtliche Inhalte einschliesslich der Gestaltung<br \/>\nunterliegen dem uneingeschr\u00e4nkten Urheberrecht.<br \/>\nDies gilt in gleicher Weise f\u00fcr Inhalte auf facebook.<\/h4>\n","protected":false},"excerpt":{"rendered":"<p>Elmar Schweer Bruktererweg 2\/4 59067 Hamm (+49) &#8211; 02381 &#8211; 440493 www.ElmarSchweer.de Email Verantwortlich im Sinne des Telemediengesetzes (TMG \u00a75): Elmar Schweer F\u00fcr Fehler wird grunds\u00e4tzlich keine Haftung \u00fcbernommen. Die Inhalte verlinkter Seiten unterliegen ausschliesslich der Verantwortung deren Betreiber. S\u00e4mtliche Inhalte einschliesslich der Gestaltung unterliegen dem uneingeschr\u00e4nkten Urheberrecht. Dies gilt in gleicher Weise f\u00fcr Inhalte [&hellip;]<\/p>\n","protected":false},"author":1,"featured_media":0,"parent":0,"menu_order":0,"comment_status":"closed","ping_status":"closed","template":"","meta":[],"_links":{"self":[{"href":"http:\/\/elmarschweer.de\/index.php?rest_route=\/wp\/v2\/pages\/46"}],"collection":[{"href":"http:\/\/elmarschweer.de\/index.php?rest_route=\/wp\/v2\/pages"}],"about":[{"href":"http:\/\/elmarschweer.de\/index.php?rest_route=\/wp\/v2\/types\/page"}],"author":[{"embeddable":true,"href":"http:\/\/elmarschweer.de\/index.php?rest_route=\/wp\/v2\/users\/1"}],"replies":[{"embeddable":true,"href":"http:\/\/elmarschweer.de\/index.php?rest_route=%2Fwp%2Fv2%2Fcomments&post=46"}],"version-history":[{"count":0,"href":"http:\/\/elmarschweer.de\/index.php?rest_route=\/wp\/v2\/pages\/46\/revisions"}],"wp:attachment":[{"href":"http:\/\/elmarschweer.de\/index.php?rest_route=%2Fwp%2Fv2%2Fmedia&parent=46"}],"curies":[{"name":"wp","href":"https:\/\/api.w.org\/{rel}","templated":true}]}}